{"id":1857,"date":"2023-06-19T12:39:56","date_gmt":"2023-06-19T12:39:56","guid":{"rendered":"https:\/\/www.sowipanjur.com\/?page_id=1857"},"modified":"2023-06-20T07:16:50","modified_gmt":"2023-06-20T07:16:50","slug":"garantili-hizmet-2","status":"publish","type":"page","link":"https:\/\/www.sowipanjur.com\/en\/guaranteed-service-2\/","title":{"rendered":"Guaranteed Service"},"content":{"rendered":"<div id=\"page-header-1736204617\" class=\"page-header-wrapper\">\n  <div class=\"page-title light divided-title\">\n\n    \n    <div class=\"page-title-inner container align-center flex-row medium-flex-wrap\" >\n              <div class=\"title-wrapper flex-col text-left medium-text-center\">\n          <h1 class=\"entry-title mb-0\">\n            Guaranteed Service          <\/h1>\n        <\/div>\n                    <div class=\"title-content flex-col flex-right text-right medium-text-center\">\n        <div class=\"title-share pt-half pb-half\"><div class=\"social-icons share-icons share-row relative\" ><a href=\"whatsapp:\/\/send?text=Garantili%20Hizmet - https:\/\/www.sowipanjur.com\/en\/guaranteed-service-2\/\" data-action=\"share\/whatsapp\/share\" class=\"icon button circle is-outline tooltip whatsapp show-for-medium\" title=\"Share on WhatsApp\" aria-label=\"Share on WhatsApp\"><i class=\"icon-whatsapp\"><\/i><\/a><a href=\"https:\/\/www.facebook.com\/sharer.php?u=https:\/\/www.sowipanjur.com\/en\/guaranteed-service-2\/\" data-label=\"Facebook\" onclick=\"window.open(this.href,this.title,'width=500,height=500,top=300px,left=300px');  return false;\" rel=\"noopener noreferrer nofollow\" target=\"_blank\" class=\"icon button circle is-outline tooltip facebook\" title=\"Share on Facebook\" aria-label=\"Share on Facebook\"><i class=\"icon-facebook\" ><\/i><\/a><a href=\"https:\/\/twitter.com\/share?url=https:\/\/www.sowipanjur.com\/en\/guaranteed-service-2\/\" onclick=\"window.open(this.href,this.title,'width=500,height=500,top=300px,left=300px');  return false;\" rel=\"noopener noreferrer nofollow\" target=\"_blank\" class=\"icon button circle is-outline tooltip twitter\" title=\"Share on Twitter\" aria-label=\"Share on Twitter\"><i class=\"icon-twitter\" ><\/i><\/a><a href=\"mailto:enteryour@addresshere.com?subject=Garantili%20Hizmet&amp;body=Check%20this%20out:%20https:\/\/www.sowipanjur.com\/en\/guaranteed-service-2\/\" rel=\"nofollow\" class=\"icon button circle is-outline tooltip email\" title=\"Email to a Friend\" aria-label=\"Email to a Friend\"><i class=\"icon-envelop\" ><\/i><\/a><a href=\"https:\/\/pinterest.com\/pin\/create\/button\/?url=https:\/\/www.sowipanjur.com\/en\/guaranteed-service-2\/&amp;media=&amp;description=Garantili%20Hizmet\" onclick=\"window.open(this.href,this.title,'width=500,height=500,top=300px,left=300px');  return false;\" rel=\"noopener noreferrer nofollow\" target=\"_blank\" class=\"icon button circle is-outline tooltip pinterest\" title=\"Pin on Pinterest\" aria-label=\"Pin on Pinterest\"><i class=\"icon-pinterest\" ><\/i><\/a><a href=\"https:\/\/www.linkedin.com\/shareArticle?mini=true&url=https:\/\/www.sowipanjur.com\/en\/guaranteed-service-2\/&title=Garantili%20Hizmet\" onclick=\"window.open(this.href,this.title,'width=500,height=500,top=300px,left=300px');  return false;\"  rel=\"noopener noreferrer nofollow\" target=\"_blank\" class=\"icon button circle is-outline tooltip linkedin\" title=\"Share on LinkedIn\" aria-label=\"Share on LinkedIn\"><i class=\"icon-linkedin\" ><\/i><\/a><\/div><\/div>      <\/div>\n    <\/div>\n\n       <\/div>\n  <div class=\"container header-wrapper-divider\"><hr\/><\/div>  <\/div>\n  \n<div class=\"row row-collapse row-full-width align-equal\"  id=\"row-61702308\">\n\n\t<div id=\"col-118817429\" class=\"col medium-2 small-6 large-2\"  >\n\t\t\t\t<div class=\"col-inner text-left\"  >\n\t\t\t\n\t<div class=\"is-border\"\n\t\tstyle=\"border-width:2px 2px 2px 2px;\">\n\t<\/div>\n\t\t\t\n\n\t<a class=\"plain\" href=\"https:\/\/www.sowipanjur.com\/en\/free-exploration-service\/\"  >\t<div class=\"icon-box featured-box icon-box-left text-left\"  >\n\t\t\t\t\t<div class=\"icon-box-img\" style=\"width: 40px\">\n\t\t\t\t<div class=\"icon\">\n\t\t\t\t\t<div class=\"icon-inner\" >\n\t\t\t\t\t\t<img decoding=\"async\" width=\"400\" height=\"400\" src=\"https:\/\/www.sowipanjur.com\/wp-content\/uploads\/2023\/06\/Ucretsiz-kesif-400x400.png\" class=\"attachment-medium size-medium\" alt=\"Istanbul\" srcset=\"https:\/\/www.sowipanjur.com\/wp-content\/uploads\/2023\/06\/Ucretsiz-kesif-400x400.png 400w, https:\/\/www.sowipanjur.com\/wp-content\/uploads\/2023\/06\/Ucretsiz-kesif-280x280.png 280w, https:\/\/www.sowipanjur.com\/wp-content\/uploads\/2023\/06\/Ucretsiz-kesif.png 512w\" sizes=\"(max-width: 400px) 100vw, 400px\" title=\"\">\t\t\t\t\t<\/div>\n\t\t\t\t<\/div>\n\t\t\t<\/div>\n\t\t\t\t<div class=\"icon-box-text last-reset\">\n\t\t\t\t\t\t\t\t\t\n\t<div id=\"gap-1570556453\" class=\"gap-element clearfix\" style=\"display:block; height:auto;\">\n\t\t\n<style>\n#gap-1570556453 {\n  padding-top: 10px;\n}\n<\/style>\n\t<\/div>\n\t\n\t<div id=\"text-136519450\" class=\"text\">\n\t\t\n<h3>Free Discovery Service<\/h3>\n\t\t\n<style>\n#text-136519450 {\n  line-height: 1;\n}\n<\/style>\n\t<\/div>\n\t\n\t\t<\/div>\n\t<\/div>\n\t<\/a>\n\t\n\t<div id=\"gap-952156251\" class=\"gap-element clearfix\" style=\"display:block; height:auto;\">\n\t\t\n<style>\n#gap-952156251 {\n  padding-top: 10px;\n}\n<\/style>\n\t<\/div>\n\t\n\t<div id=\"text-3213405914\" class=\"text\">\n\t\t\n<p><em>Free exploration throughout Istanbul<\/em><br \/>\n\t\t\n<style>\n#text-3213405914 {\n  font-size: 0.8rem;\n  line-height: 0.8;\n}\n<\/style>\n\t<\/div>\n\t\n\t\t<\/div>\n\t\t\t\t\n<style>\n#col-118817429 > .col-inner {\n  padding: 5px 5px 5px 5px;\n}\n<\/style>\n\t<\/div>\n\n\t\n\n\t<div id=\"col-473099181\" class=\"col medium-2 small-6 large-2\"  >\n\t\t\t\t<div class=\"col-inner text-left\"  >\n\t\t\t\n\t<div class=\"is-border\"\n\t\tstyle=\"border-width:2px 2px 2px 2px;\">\n\t<\/div>\n\t\t\t\n\n\t<a class=\"plain\" href=\"https:\/\/www.sowipanjur.com\/en\/guaranteed-service-2\/\"  >\t<div class=\"icon-box featured-box icon-box-left text-left\"  >\n\t\t\t\t\t<div class=\"icon-box-img\" style=\"width: 40px\">\n\t\t\t\t<div class=\"icon\">\n\t\t\t\t\t<div class=\"icon-inner\" >\n\t\t\t\t\t\t<img decoding=\"async\" width=\"400\" height=\"400\" src=\"https:\/\/www.sowipanjur.com\/wp-content\/uploads\/2023\/06\/Garantili-Hizmet-400x400.png\" class=\"attachment-medium size-medium\" alt=\"Guaranteed service\" srcset=\"https:\/\/www.sowipanjur.com\/wp-content\/uploads\/2023\/06\/Garantili-Hizmet-400x400.png 400w, https:\/\/www.sowipanjur.com\/wp-content\/uploads\/2023\/06\/Garantili-Hizmet-280x280.png 280w, https:\/\/www.sowipanjur.com\/wp-content\/uploads\/2023\/06\/Garantili-Hizmet.png 512w\" sizes=\"(max-width: 400px) 100vw, 400px\" title=\"\">\t\t\t\t\t<\/div>\n\t\t\t\t<\/div>\n\t\t\t<\/div>\n\t\t\t\t<div class=\"icon-box-text last-reset\">\n\t\t\t\t\t\t\t\t\t\n\t<div id=\"gap-1060435752\" class=\"gap-element clearfix\" style=\"display:block; height:auto;\">\n\t\t\n<style>\n#gap-1060435752 {\n  padding-top: 10px;\n}\n<\/style>\n\t<\/div>\n\t\n\t<div id=\"text-2842496112\" class=\"text\">\n\t\t\n<h3>Guaranteed Service<\/h3>\n\t\t\n<style>\n#text-2842496112 {\n  line-height: 1;\n}\n<\/style>\n\t<\/div>\n\t\n\t\t<\/div>\n\t<\/div>\n\t<\/a>\n\t\n\t<div id=\"gap-1265312846\" class=\"gap-element clearfix\" style=\"display:block; height:auto;\">\n\t\t\n<style>\n#gap-1265312846 {\n  padding-top: 10px;\n}\n<\/style>\n\t<\/div>\n\t\n\t<div id=\"text-1201380897\" class=\"text\">\n\t\t\n<p><em>After-service technical support<\/em><br \/>\n\t\t\n<style>\n#text-1201380897 {\n  font-size: 0.8rem;\n  line-height: 0.8;\n}\n<\/style>\n\t<\/div>\n\t\n\t\t<\/div>\n\t\t\t\t\n<style>\n#col-473099181 > .col-inner {\n  padding: 5px 5px 5px 5px;\n}\n<\/style>\n\t<\/div>\n\n\t\n\n\t<div id=\"col-1476343795\" class=\"col medium-2 small-6 large-2\"  >\n\t\t\t\t<div class=\"col-inner text-left\"  >\n\t\t\t\n\t<div class=\"is-border\"\n\t\tstyle=\"border-width:2px 2px 2px 2px;\">\n\t<\/div>\n\t\t\t\n\n\t<a class=\"plain\" href=\"https:\/\/www.sowipanjur.com\/en\/payment-convenience-2\/\"  >\t<div class=\"icon-box featured-box icon-box-left text-left\"  >\n\t\t\t\t\t<div class=\"icon-box-img\" style=\"width: 40px\">\n\t\t\t\t<div class=\"icon\">\n\t\t\t\t\t<div class=\"icon-inner\" >\n\t\t\t\t\t\t<img decoding=\"async\" width=\"400\" height=\"400\" src=\"https:\/\/www.sowipanjur.com\/wp-content\/uploads\/2023\/06\/Odeme-kolayligi-400x400.png\" class=\"attachment-medium size-medium\" alt=\"ease of payment\" srcset=\"https:\/\/www.sowipanjur.com\/wp-content\/uploads\/2023\/06\/Odeme-kolayligi-400x400.png 400w, https:\/\/www.sowipanjur.com\/wp-content\/uploads\/2023\/06\/Odeme-kolayligi-280x280.png 280w, https:\/\/www.sowipanjur.com\/wp-content\/uploads\/2023\/06\/Odeme-kolayligi.png 512w\" sizes=\"(max-width: 400px) 100vw, 400px\" title=\"\">\t\t\t\t\t<\/div>\n\t\t\t\t<\/div>\n\t\t\t<\/div>\n\t\t\t\t<div class=\"icon-box-text last-reset\">\n\t\t\t\t\t\t\t\t\t\n\t<div id=\"gap-722760610\" class=\"gap-element clearfix\" style=\"display:block; height:auto;\">\n\t\t\n<style>\n#gap-722760610 {\n  padding-top: 10px;\n}\n<\/style>\n\t<\/div>\n\t\n\t<div id=\"text-2021183162\" class=\"text\">\n\t\t\n<h3>Payment Ease<\/h3>\n\t\t\n<style>\n#text-2021183162 {\n  line-height: 1;\n}\n<\/style>\n\t<\/div>\n\t\n\t\t<\/div>\n\t<\/div>\n\t<\/a>\n\t\n\t<div id=\"gap-1858501407\" class=\"gap-element clearfix\" style=\"display:block; height:auto;\">\n\t\t\n<style>\n#gap-1858501407 {\n  padding-top: 10px;\n}\n<\/style>\n\t<\/div>\n\t\n\t<div id=\"text-2723602090\" class=\"text\">\n\t\t\n<p><em>Special solutions for you in payment<\/em><br \/>\n\t\t\n<style>\n#text-2723602090 {\n  font-size: 0.8rem;\n  line-height: 0.8;\n}\n<\/style>\n\t<\/div>\n\t\n\t\t<\/div>\n\t\t\t\t\n<style>\n#col-1476343795 > .col-inner {\n  padding: 5px 5px 5px 5px;\n}\n<\/style>\n\t<\/div>\n\n\t\n\n\t<div id=\"col-813002472\" class=\"col medium-2 small-6 large-2\"  >\n\t\t\t\t<div class=\"col-inner text-left\"  >\n\t\t\t\n\t<div class=\"is-border\"\n\t\tstyle=\"border-width:2px 2px 2px 2px;\">\n\t<\/div>\n\t\t\t\n\n\t<a class=\"plain\" href=\"https:\/\/www.sowipanjur.com\/en\/technical-service-service\/\"  >\t<div class=\"icon-box featured-box icon-box-left text-left\"  >\n\t\t\t\t\t<div class=\"icon-box-img\" style=\"width: 40px\">\n\t\t\t\t<div class=\"icon\">\n\t\t\t\t\t<div class=\"icon-inner\" >\n\t\t\t\t\t\t<img decoding=\"async\" width=\"400\" height=\"400\" src=\"https:\/\/www.sowipanjur.com\/wp-content\/uploads\/2023\/06\/teknik-servis-400x400.png\" class=\"attachment-medium size-medium\" alt=\"technical service\" srcset=\"https:\/\/www.sowipanjur.com\/wp-content\/uploads\/2023\/06\/teknik-servis-400x400.png 400w, https:\/\/www.sowipanjur.com\/wp-content\/uploads\/2023\/06\/teknik-servis-280x280.png 280w, https:\/\/www.sowipanjur.com\/wp-content\/uploads\/2023\/06\/teknik-servis.png 512w\" sizes=\"(max-width: 400px) 100vw, 400px\" title=\"\">\t\t\t\t\t<\/div>\n\t\t\t\t<\/div>\n\t\t\t<\/div>\n\t\t\t\t<div class=\"icon-box-text last-reset\">\n\t\t\t\t\t\t\t\t\t\n\t<div id=\"gap-1772737484\" class=\"gap-element clearfix\" style=\"display:block; height:auto;\">\n\t\t\n<style>\n#gap-1772737484 {\n  padding-top: 10px;\n}\n<\/style>\n\t<\/div>\n\t\n\t<div id=\"text-1715942415\" class=\"text\">\n\t\t\n<h3>Technical service<\/h3>\n\t\t\n<style>\n#text-1715942415 {\n  line-height: 1;\n}\n<\/style>\n\t<\/div>\n\t\n\t\t<\/div>\n\t<\/div>\n\t<\/a>\n\t\n\t<div id=\"gap-1846817482\" class=\"gap-element clearfix\" style=\"display:block; height:auto;\">\n\t\t\n<style>\n#gap-1846817482 {\n  padding-top: 10px;\n}\n<\/style>\n\t<\/div>\n\t\n\t<div id=\"text-1344320007\" class=\"text\">\n\t\t\n<p><em>After-service technical service<\/em><br \/>\n\t\t\n<style>\n#text-1344320007 {\n  font-size: 0.8rem;\n  line-height: 0.8;\n}\n<\/style>\n\t<\/div>\n\t\n\t\t<\/div>\n\t\t\t\t\n<style>\n#col-813002472 > .col-inner {\n  padding: 5px 5px 5px 5px;\n}\n<\/style>\n\t<\/div>\n\n\t\n\n\t<div id=\"col-36741506\" class=\"col medium-4 small-12 large-4\"  >\n\t\t\t\t<div class=\"col-inner text-left\"  >\n\t\t\t\n\t<div class=\"is-border\"\n\t\tstyle=\"border-width:2px 2px 2px 2px;\">\n\t<\/div>\n\t\t\t\n\n\t<a class=\"plain\" href=\"https:\/\/www.sowipanjur.com\/en\/customer-service-2\/\"  >\t<div class=\"icon-box featured-box icon-box-left text-left\"  >\n\t\t\t\t\t<div class=\"icon-box-img\" style=\"width: 40px\">\n\t\t\t\t<div class=\"icon\">\n\t\t\t\t\t<div class=\"icon-inner\" >\n\t\t\t\t\t\t<img decoding=\"async\" width=\"400\" height=\"400\" src=\"https:\/\/www.sowipanjur.com\/wp-content\/uploads\/2023\/06\/Musteri-hizmetleri-400x400.png\" class=\"attachment-medium size-medium\" alt=\"Customer service\" srcset=\"https:\/\/www.sowipanjur.com\/wp-content\/uploads\/2023\/06\/Musteri-hizmetleri-400x400.png 400w, https:\/\/www.sowipanjur.com\/wp-content\/uploads\/2023\/06\/Musteri-hizmetleri-280x280.png 280w, https:\/\/www.sowipanjur.com\/wp-content\/uploads\/2023\/06\/Musteri-hizmetleri.png 512w\" sizes=\"(max-width: 400px) 100vw, 400px\" title=\"\">\t\t\t\t\t<\/div>\n\t\t\t\t<\/div>\n\t\t\t<\/div>\n\t\t\t\t<div class=\"icon-box-text last-reset\">\n\t\t\t\t\t\t\t\t\t\n\t<div id=\"gap-1030381398\" class=\"gap-element clearfix\" style=\"display:block; height:auto;\">\n\t\t\n<style>\n#gap-1030381398 {\n  padding-top: 10px;\n}\n<\/style>\n\t<\/div>\n\t\n\t<div id=\"text-3705860586\" class=\"text\">\n\t\t\n<h3>24\/7 Customer Service<\/h3>\n\t\t\n<style>\n#text-3705860586 {\n  line-height: 1;\n}\n<\/style>\n\t<\/div>\n\t\n\t\t<\/div>\n\t<\/div>\n\t<\/a>\n\t\n\t<div id=\"gap-753571906\" class=\"gap-element clearfix\" style=\"display:block; height:auto;\">\n\t\t\n<style>\n#gap-753571906 {\n  padding-top: 10px;\n}\n<\/style>\n\t<\/div>\n\t\n\t<div id=\"text-1904703654\" class=\"text\">\n\t\t\n<p><em>You can reach us at any time<\/em><br \/>\n\t\t\n<style>\n#text-1904703654 {\n  font-size: 0.8rem;\n  line-height: 0.8;\n}\n<\/style>\n\t<\/div>\n\t\n\t\t<\/div>\n\t\t\t\t\n<style>\n#col-36741506 > .col-inner {\n  padding: 5px 5px 5px 5px;\n}\n<\/style>\n\t<\/div>\n\n\t\n\n<style>\n#row-61702308 > .col > .col-inner {\n  background-color: #fed750;\n}\n<\/style>\n<\/div>\n<div class=\"row row-collapse\"  id=\"row-752878222\">\n\n\t<div id=\"col-170932433\" class=\"col small-12 large-12\"  >\n\t\t\t\t<div class=\"col-inner\"  >\n\t\t\t\n\t<div class=\"is-border\"\n\t\tstyle=\"border-width:1px 1px 1px 1px;\">\n\t<\/div>\n\t\t\t\n<p><a href=\"https:\/\/www.sowipanjur.com\/wp-content\/uploads\/2022\/05\/Jaluzi-panjur-1.jpg\"><img decoding=\"async\" class=\"alignright wp-image-545\" src=\"https:\/\/www.sowipanjur.com\/wp-content\/uploads\/2022\/05\/Jaluzi-panjur-1-615x400.jpg\" alt=\"Operated blinds window blinds\" width=\"375\" height=\"244\" title=\"\"><\/a><\/p>\n<p style=\"text-align: justify;\"><strong>Your comfort, safety and satisfaction are our priority.<\/strong> We provide you with automatic blinds, shutters, doors and pergola systems. <strong>We offer guaranteed service!<\/strong> We are here to support you and meet your needs as you create your dream home.<\/p>\n<p style=\"text-align: justify;\">In the products and services we offer <strong>high quality and durability are our priority<\/strong>. The automatic we have chosen for you <strong><a href=\"https:\/\/www.sowipanjur.com\/en\/otomatik-panjur\/\">blinds<\/a>, <a href=\"https:\/\/www.sowipanjur.com\/en\/aluminyum-otomatik-kepenk\/\">shutter,<\/a> <a href=\"https:\/\/www.sowipanjur.com\/en\/seksiyonel-kapi-sistemleri\/\">door<\/a> And <a href=\"https:\/\/www.sowipanjur.com\/en\/automatic-pergola-systems\/\">pergola systems<\/a><\/strong>provides long-lasting and trouble-free use. At every step, we do our job meticulously and use the highest quality materials.<\/p>\n<p style=\"text-align: justify;\"><strong>With our guaranteed service approach<\/strong>We guarantee your satisfaction. We provide you with peace of mind and confidence with the guarantee of quality and workmanship in our products. We offer the best solutions to ensure the protection, safety and comfort of your home against external factors.<\/p>\n<p style=\"text-align: justify;\"><a href=\"https:\/\/www.sowipanjur.com\/wp-content\/uploads\/2022\/05\/Aluminyum-otomatik-kepenk-sistemleri-sowidoor-14.jpg\"><img decoding=\"async\" class=\"wp-image-600 alignright\" src=\"https:\/\/www.sowipanjur.com\/wp-content\/uploads\/2022\/05\/Aluminyum-otomatik-kepenk-sistemleri-sowidoor-14.jpg\" alt=\"aluminum automatic shutter garage door\" width=\"372\" height=\"279\" title=\"\"><\/a>Our trained and experienced team is ready to determine the most suitable solutions for you and to install in a professional way. <a href=\"https:\/\/www.sowipanjur.com\/en\/free-exploration-service\/\"><strong>In our free discovery service<\/strong><\/a> We evaluate your needs and offer you tailor-made solutions. Our expert team works devotedly to complete your work and performs quality control at every stage.<\/p>\n<p style=\"text-align: justify;\"><strong><a href=\"https:\/\/www.sowipanjur.com\/en\/customer-service-2\/\">Customer happiness<\/a> our focused approach<\/strong> to support <strong><a href=\"https:\/\/www.sowipanjur.com\/en\/technical-service-service\/\">after sales support service<\/a> we offer<\/strong>. During our guarantee period, which reassures you, we will respond quickly and offer solutions if you encounter any problems. <strong>Your customer satisfaction<\/strong> It is important to us and we are happy to serve you as a permanent business partner.<\/p>\n<p style=\"text-align: justify;\">When creating the house you dream of, <strong>Wouldn&#039;t you like to receive guaranteed service in automatic blinds, shutters, doors and pergola systems?<\/strong> We are at your service to welcome you and provide solutions that fit your needs. by calling us <strong><a href=\"https:\/\/www.sowipanjur.com\/en\/free-exploration-service\/\">free exploration<\/a> Make your appointment and take advantage of our special guaranteed service!<\/strong><\/p>\n<a href=\"https:\/\/wa.me\/05327358696?text=Merhaba,%20size%20sowidoor.com%20\u00fczerinden%20ula\u015f\u0131yorum.\" target=\"_self\" class=\"button success\" rel=\"noopener\">\n  <i class=\"icon-angle-right\" aria-hidden=\"true\" ><\/i>  <span>Contact via WhatsApp<\/span>\n  <\/a>\n\n<a href=\"https:\/\/www.sowipanjur.com\/en\/piotnetforms\/shutter-price-buy-copy-2\/\" target=\"_self\" class=\"button success\">\n  <i class=\"icon-envelop\" aria-hidden=\"true\" ><\/i>  <span>price offer form<\/span>\n  <\/a>\n\n<a href=\"tel:\/\/+905327358696\" target=\"_self\" class=\"button success\">\n  <i class=\"icon-phone\" aria-hidden=\"true\" ><\/i>  <span>Call to get a price quote<\/span>\n  <\/a>\n\n\t\t<\/div>\n\t\t\t\t\t<\/div>\n\n\t\n\n<style>\n#row-752878222 > .col > .col-inner {\n  padding: 10px 10px 10px 10px;\n  background-color: rgb(255,255,255);\n}\n<\/style>\n<\/div>","protected":false},"excerpt":{"rendered":"","protected":false},"author":1,"featured_media":0,"parent":0,"menu_order":0,"comment_status":"closed","ping_status":"closed","template":"","meta":{"inline_featured_image":false,"footnotes":""},"categories":[],"tags":[],"class_list":["post-1857","page","type-page","status-publish","hentry"],"_links":{"self":[{"href":"https:\/\/www.sowipanjur.com\/en\/wp-json\/wp\/v2\/pages\/1857","targetHints":{"allow":["GET"]}}],"collection":[{"href":"https:\/\/www.sowipanjur.com\/en\/wp-json\/wp\/v2\/pages"}],"about":[{"href":"https:\/\/www.sowipanjur.com\/en\/wp-json\/wp\/v2\/types\/page"}],"author":[{"embeddable":true,"href":"https:\/\/www.sowipanjur.com\/en\/wp-json\/wp\/v2\/users\/1"}],"replies":[{"embeddable":true,"href":"https:\/\/www.sowipanjur.com\/en\/wp-json\/wp\/v2\/comments?post=1857"}],"version-history":[{"count":0,"href":"https:\/\/www.sowipanjur.com\/en\/wp-json\/wp\/v2\/pages\/1857\/revisions"}],"wp:attachment":[{"href":"https:\/\/www.sowipanjur.com\/en\/wp-json\/wp\/v2\/media?parent=1857"}],"wp:term":[{"taxonomy":"category","embeddable":true,"href":"https:\/\/www.sowipanjur.com\/en\/wp-json\/wp\/v2\/categories?post=1857"},{"taxonomy":"post_tag","embeddable":true,"href":"https:\/\/www.sowipanjur.com\/en\/wp-json\/wp\/v2\/tags?post=1857"}],"curies":[{"name":"wp","href":"https:\/\/api.w.org\/{rel}","templated":true}]}}