{"id":1872,"date":"2023-06-19T12:44:13","date_gmt":"2023-06-19T12:44:13","guid":{"rendered":"https:\/\/www.sowipanjur.com\/?page_id=1872"},"modified":"2023-06-19T14:53:53","modified_gmt":"2023-06-19T14:53:53","slug":"musteri-hizmetleri-2","status":"publish","type":"page","link":"https:\/\/www.sowipanjur.com\/en\/customer-service-2\/","title":{"rendered":"Customer service"},"content":{"rendered":"<div id=\"page-header-862377909\" class=\"page-header-wrapper\">\n  <div class=\"page-title light divided-title\">\n\n    \n    <div class=\"page-title-inner container align-center flex-row medium-flex-wrap\" >\n              <div class=\"title-wrapper flex-col text-left medium-text-center\">\n          <h1 class=\"entry-title mb-0\">\n            Customer service          <\/h1>\n        <\/div>\n                    <div class=\"title-content flex-col flex-right text-right medium-text-center\">\n        <div class=\"title-share pt-half pb-half\"><div class=\"social-icons share-icons share-row relative\" ><a href=\"whatsapp:\/\/send?text=M%C3%BC%C5%9Fteri%20Hizmetleri - https:\/\/www.sowipanjur.com\/en\/customer-service-2\/\" data-action=\"share\/whatsapp\/share\" class=\"icon button circle is-outline tooltip whatsapp show-for-medium\" title=\"Share on WhatsApp\" aria-label=\"Share on WhatsApp\"><i class=\"icon-whatsapp\"><\/i><\/a><a href=\"https:\/\/www.facebook.com\/sharer.php?u=https:\/\/www.sowipanjur.com\/en\/customer-service-2\/\" data-label=\"Facebook\" onclick=\"window.open(this.href,this.title,'width=500,height=500,top=300px,left=300px');  return false;\" rel=\"noopener noreferrer nofollow\" target=\"_blank\" class=\"icon button circle is-outline tooltip facebook\" title=\"Share on Facebook\" aria-label=\"Share on Facebook\"><i class=\"icon-facebook\" ><\/i><\/a><a href=\"https:\/\/twitter.com\/share?url=https:\/\/www.sowipanjur.com\/en\/customer-service-2\/\" onclick=\"window.open(this.href,this.title,'width=500,height=500,top=300px,left=300px');  return false;\" rel=\"noopener noreferrer nofollow\" target=\"_blank\" class=\"icon button circle is-outline tooltip twitter\" title=\"Share on Twitter\" aria-label=\"Share on Twitter\"><i class=\"icon-twitter\" ><\/i><\/a><a href=\"mailto:enteryour@addresshere.com?subject=M%C3%BC%C5%9Fteri%20Hizmetleri&amp;body=Check%20this%20out:%20https:\/\/www.sowipanjur.com\/en\/customer-service-2\/\" rel=\"nofollow\" class=\"icon button circle is-outline tooltip email\" title=\"Email to a Friend\" aria-label=\"Email to a Friend\"><i class=\"icon-envelop\" ><\/i><\/a><a href=\"https:\/\/pinterest.com\/pin\/create\/button\/?url=https:\/\/www.sowipanjur.com\/en\/customer-service-2\/&amp;media=&amp;description=M%C3%BC%C5%9Fteri%20Hizmetleri\" onclick=\"window.open(this.href,this.title,'width=500,height=500,top=300px,left=300px');  return false;\" rel=\"noopener noreferrer nofollow\" target=\"_blank\" class=\"icon button circle is-outline tooltip pinterest\" title=\"Pin on Pinterest\" aria-label=\"Pin on Pinterest\"><i class=\"icon-pinterest\" ><\/i><\/a><a href=\"https:\/\/www.linkedin.com\/shareArticle?mini=true&url=https:\/\/www.sowipanjur.com\/en\/customer-service-2\/&title=M%C3%BC%C5%9Fteri%20Hizmetleri\" onclick=\"window.open(this.href,this.title,'width=500,height=500,top=300px,left=300px');  return false;\"  rel=\"noopener noreferrer nofollow\" target=\"_blank\" class=\"icon button circle is-outline tooltip linkedin\" title=\"Share on LinkedIn\" aria-label=\"Share on LinkedIn\"><i class=\"icon-linkedin\" ><\/i><\/a><\/div><\/div>      <\/div>\n    <\/div>\n\n       <\/div>\n  <div class=\"container header-wrapper-divider\"><hr\/><\/div>  <\/div>\n  \n<div class=\"row row-collapse row-full-width align-equal\"  id=\"row-751063484\">\n\n\t<div id=\"col-561287829\" class=\"col medium-2 small-6 large-2\"  >\n\t\t\t\t<div class=\"col-inner text-left\"  >\n\t\t\t\n\t<div class=\"is-border\"\n\t\tstyle=\"border-width:2px 2px 2px 2px;\">\n\t<\/div>\n\t\t\t\n\n\t<a class=\"plain\" href=\"https:\/\/www.sowipanjur.com\/en\/free-exploration-service\/\"  >\t<div class=\"icon-box featured-box icon-box-left text-left\"  >\n\t\t\t\t\t<div class=\"icon-box-img\" style=\"width: 40px\">\n\t\t\t\t<div class=\"icon\">\n\t\t\t\t\t<div class=\"icon-inner\" >\n\t\t\t\t\t\t<img decoding=\"async\" width=\"400\" height=\"400\" src=\"https:\/\/www.sowipanjur.com\/wp-content\/uploads\/2023\/06\/Ucretsiz-kesif-400x400.png\" class=\"attachment-medium size-medium\" alt=\"Istanbul\" srcset=\"https:\/\/www.sowipanjur.com\/wp-content\/uploads\/2023\/06\/Ucretsiz-kesif-400x400.png 400w, https:\/\/www.sowipanjur.com\/wp-content\/uploads\/2023\/06\/Ucretsiz-kesif-280x280.png 280w, https:\/\/www.sowipanjur.com\/wp-content\/uploads\/2023\/06\/Ucretsiz-kesif.png 512w\" sizes=\"(max-width: 400px) 100vw, 400px\" title=\"\">\t\t\t\t\t<\/div>\n\t\t\t\t<\/div>\n\t\t\t<\/div>\n\t\t\t\t<div class=\"icon-box-text last-reset\">\n\t\t\t\t\t\t\t\t\t\n\t<div id=\"gap-1584956200\" class=\"gap-element clearfix\" style=\"display:block; height:auto;\">\n\t\t\n<style>\n#gap-1584956200 {\n  padding-top: 10px;\n}\n<\/style>\n\t<\/div>\n\t\n\t<div id=\"text-1630687000\" class=\"text\">\n\t\t\n<h3>Free Discovery Service<\/h3>\n\t\t\n<style>\n#text-1630687000 {\n  line-height: 1;\n}\n<\/style>\n\t<\/div>\n\t\n\t\t<\/div>\n\t<\/div>\n\t<\/a>\n\t\n\t<div id=\"gap-157223934\" class=\"gap-element clearfix\" style=\"display:block; height:auto;\">\n\t\t\n<style>\n#gap-157223934 {\n  padding-top: 10px;\n}\n<\/style>\n\t<\/div>\n\t\n\t<div id=\"text-241825757\" class=\"text\">\n\t\t\n<p><em>Free exploration throughout Istanbul<\/em><br \/>\n\t\t\n<style>\n#text-241825757 {\n  font-size: 0.8rem;\n  line-height: 0.8;\n}\n<\/style>\n\t<\/div>\n\t\n\t\t<\/div>\n\t\t\t\t\n<style>\n#col-561287829 > .col-inner {\n  padding: 5px 5px 5px 5px;\n}\n<\/style>\n\t<\/div>\n\n\t\n\n\t<div id=\"col-126866341\" class=\"col medium-2 small-6 large-2\"  >\n\t\t\t\t<div class=\"col-inner text-left\"  >\n\t\t\t\n\t<div class=\"is-border\"\n\t\tstyle=\"border-width:2px 2px 2px 2px;\">\n\t<\/div>\n\t\t\t\n\n\t<a class=\"plain\" href=\"https:\/\/www.sowipanjur.com\/en\/guaranteed-service-2\/\"  >\t<div class=\"icon-box featured-box icon-box-left text-left\"  >\n\t\t\t\t\t<div class=\"icon-box-img\" style=\"width: 40px\">\n\t\t\t\t<div class=\"icon\">\n\t\t\t\t\t<div class=\"icon-inner\" >\n\t\t\t\t\t\t<img decoding=\"async\" width=\"400\" height=\"400\" src=\"https:\/\/www.sowipanjur.com\/wp-content\/uploads\/2023\/06\/Garantili-Hizmet-400x400.png\" class=\"attachment-medium size-medium\" alt=\"Guaranteed service\" srcset=\"https:\/\/www.sowipanjur.com\/wp-content\/uploads\/2023\/06\/Garantili-Hizmet-400x400.png 400w, https:\/\/www.sowipanjur.com\/wp-content\/uploads\/2023\/06\/Garantili-Hizmet-280x280.png 280w, https:\/\/www.sowipanjur.com\/wp-content\/uploads\/2023\/06\/Garantili-Hizmet.png 512w\" sizes=\"(max-width: 400px) 100vw, 400px\" title=\"\">\t\t\t\t\t<\/div>\n\t\t\t\t<\/div>\n\t\t\t<\/div>\n\t\t\t\t<div class=\"icon-box-text last-reset\">\n\t\t\t\t\t\t\t\t\t\n\t<div id=\"gap-1908622213\" class=\"gap-element clearfix\" style=\"display:block; height:auto;\">\n\t\t\n<style>\n#gap-1908622213 {\n  padding-top: 10px;\n}\n<\/style>\n\t<\/div>\n\t\n\t<div id=\"text-3398960334\" class=\"text\">\n\t\t\n<h3>Guaranteed Service<\/h3>\n\t\t\n<style>\n#text-3398960334 {\n  line-height: 1;\n}\n<\/style>\n\t<\/div>\n\t\n\t\t<\/div>\n\t<\/div>\n\t<\/a>\n\t\n\t<div id=\"gap-583368002\" class=\"gap-element clearfix\" style=\"display:block; height:auto;\">\n\t\t\n<style>\n#gap-583368002 {\n  padding-top: 10px;\n}\n<\/style>\n\t<\/div>\n\t\n\t<div id=\"text-2148605501\" class=\"text\">\n\t\t\n<p><em>After-service technical support<\/em><br \/>\n\t\t\n<style>\n#text-2148605501 {\n  font-size: 0.8rem;\n  line-height: 0.8;\n}\n<\/style>\n\t<\/div>\n\t\n\t\t<\/div>\n\t\t\t\t\n<style>\n#col-126866341 > .col-inner {\n  padding: 5px 5px 5px 5px;\n}\n<\/style>\n\t<\/div>\n\n\t\n\n\t<div id=\"col-4821162\" class=\"col medium-2 small-6 large-2\"  >\n\t\t\t\t<div class=\"col-inner text-left\"  >\n\t\t\t\n\t<div class=\"is-border\"\n\t\tstyle=\"border-width:2px 2px 2px 2px;\">\n\t<\/div>\n\t\t\t\n\n\t<a class=\"plain\" href=\"https:\/\/www.sowipanjur.com\/en\/payment-convenience-2\/\"  >\t<div class=\"icon-box featured-box icon-box-left text-left\"  >\n\t\t\t\t\t<div class=\"icon-box-img\" style=\"width: 40px\">\n\t\t\t\t<div class=\"icon\">\n\t\t\t\t\t<div class=\"icon-inner\" >\n\t\t\t\t\t\t<img decoding=\"async\" width=\"400\" height=\"400\" src=\"https:\/\/www.sowipanjur.com\/wp-content\/uploads\/2023\/06\/Odeme-kolayligi-400x400.png\" class=\"attachment-medium size-medium\" alt=\"ease of payment\" srcset=\"https:\/\/www.sowipanjur.com\/wp-content\/uploads\/2023\/06\/Odeme-kolayligi-400x400.png 400w, https:\/\/www.sowipanjur.com\/wp-content\/uploads\/2023\/06\/Odeme-kolayligi-280x280.png 280w, https:\/\/www.sowipanjur.com\/wp-content\/uploads\/2023\/06\/Odeme-kolayligi.png 512w\" sizes=\"(max-width: 400px) 100vw, 400px\" title=\"\">\t\t\t\t\t<\/div>\n\t\t\t\t<\/div>\n\t\t\t<\/div>\n\t\t\t\t<div class=\"icon-box-text last-reset\">\n\t\t\t\t\t\t\t\t\t\n\t<div id=\"gap-1236175777\" class=\"gap-element clearfix\" style=\"display:block; height:auto;\">\n\t\t\n<style>\n#gap-1236175777 {\n  padding-top: 10px;\n}\n<\/style>\n\t<\/div>\n\t\n\t<div id=\"text-965688373\" class=\"text\">\n\t\t\n<h3>Payment Ease<\/h3>\n\t\t\n<style>\n#text-965688373 {\n  line-height: 1;\n}\n<\/style>\n\t<\/div>\n\t\n\t\t<\/div>\n\t<\/div>\n\t<\/a>\n\t\n\t<div id=\"gap-1573136601\" class=\"gap-element clearfix\" style=\"display:block; height:auto;\">\n\t\t\n<style>\n#gap-1573136601 {\n  padding-top: 10px;\n}\n<\/style>\n\t<\/div>\n\t\n\t<div id=\"text-2874982737\" class=\"text\">\n\t\t\n<p><em>Special solutions for you in payment<\/em><br \/>\n\t\t\n<style>\n#text-2874982737 {\n  font-size: 0.8rem;\n  line-height: 0.8;\n}\n<\/style>\n\t<\/div>\n\t\n\t\t<\/div>\n\t\t\t\t\n<style>\n#col-4821162 > .col-inner {\n  padding: 5px 5px 5px 5px;\n}\n<\/style>\n\t<\/div>\n\n\t\n\n\t<div id=\"col-489477244\" class=\"col medium-2 small-6 large-2\"  >\n\t\t\t\t<div class=\"col-inner text-left\"  >\n\t\t\t\n\t<div class=\"is-border\"\n\t\tstyle=\"border-width:2px 2px 2px 2px;\">\n\t<\/div>\n\t\t\t\n\n\t<a class=\"plain\" href=\"https:\/\/www.sowipanjur.com\/en\/technical-service-service\/\"  >\t<div class=\"icon-box featured-box icon-box-left text-left\"  >\n\t\t\t\t\t<div class=\"icon-box-img\" style=\"width: 40px\">\n\t\t\t\t<div class=\"icon\">\n\t\t\t\t\t<div class=\"icon-inner\" >\n\t\t\t\t\t\t<img decoding=\"async\" width=\"400\" height=\"400\" src=\"https:\/\/www.sowipanjur.com\/wp-content\/uploads\/2023\/06\/teknik-servis-400x400.png\" class=\"attachment-medium size-medium\" alt=\"technical service\" srcset=\"https:\/\/www.sowipanjur.com\/wp-content\/uploads\/2023\/06\/teknik-servis-400x400.png 400w, https:\/\/www.sowipanjur.com\/wp-content\/uploads\/2023\/06\/teknik-servis-280x280.png 280w, https:\/\/www.sowipanjur.com\/wp-content\/uploads\/2023\/06\/teknik-servis.png 512w\" sizes=\"(max-width: 400px) 100vw, 400px\" title=\"\">\t\t\t\t\t<\/div>\n\t\t\t\t<\/div>\n\t\t\t<\/div>\n\t\t\t\t<div class=\"icon-box-text last-reset\">\n\t\t\t\t\t\t\t\t\t\n\t<div id=\"gap-467415327\" class=\"gap-element clearfix\" style=\"display:block; height:auto;\">\n\t\t\n<style>\n#gap-467415327 {\n  padding-top: 10px;\n}\n<\/style>\n\t<\/div>\n\t\n\t<div id=\"text-3536864180\" class=\"text\">\n\t\t\n<h3>Technical service<\/h3>\n\t\t\n<style>\n#text-3536864180 {\n  line-height: 1;\n}\n<\/style>\n\t<\/div>\n\t\n\t\t<\/div>\n\t<\/div>\n\t<\/a>\n\t\n\t<div id=\"gap-780494223\" class=\"gap-element clearfix\" style=\"display:block; height:auto;\">\n\t\t\n<style>\n#gap-780494223 {\n  padding-top: 10px;\n}\n<\/style>\n\t<\/div>\n\t\n\t<div id=\"text-2236273457\" class=\"text\">\n\t\t\n<p><em>After-service technical service<\/em><br \/>\n\t\t\n<style>\n#text-2236273457 {\n  font-size: 0.8rem;\n  line-height: 0.8;\n}\n<\/style>\n\t<\/div>\n\t\n\t\t<\/div>\n\t\t\t\t\n<style>\n#col-489477244 > .col-inner {\n  padding: 5px 5px 5px 5px;\n}\n<\/style>\n\t<\/div>\n\n\t\n\n\t<div id=\"col-643582461\" class=\"col medium-4 small-12 large-4\"  >\n\t\t\t\t<div class=\"col-inner text-left\"  >\n\t\t\t\n\t<div class=\"is-border\"\n\t\tstyle=\"border-width:2px 2px 2px 2px;\">\n\t<\/div>\n\t\t\t\n\n\t<a class=\"plain\" href=\"https:\/\/www.sowipanjur.com\/en\/customer-service-2\/\"  >\t<div class=\"icon-box featured-box icon-box-left text-left\"  >\n\t\t\t\t\t<div class=\"icon-box-img\" style=\"width: 40px\">\n\t\t\t\t<div class=\"icon\">\n\t\t\t\t\t<div class=\"icon-inner\" >\n\t\t\t\t\t\t<img decoding=\"async\" width=\"400\" height=\"400\" src=\"https:\/\/www.sowipanjur.com\/wp-content\/uploads\/2023\/06\/Musteri-hizmetleri-400x400.png\" class=\"attachment-medium size-medium\" alt=\"Customer service\" srcset=\"https:\/\/www.sowipanjur.com\/wp-content\/uploads\/2023\/06\/Musteri-hizmetleri-400x400.png 400w, https:\/\/www.sowipanjur.com\/wp-content\/uploads\/2023\/06\/Musteri-hizmetleri-280x280.png 280w, https:\/\/www.sowipanjur.com\/wp-content\/uploads\/2023\/06\/Musteri-hizmetleri.png 512w\" sizes=\"(max-width: 400px) 100vw, 400px\" title=\"\">\t\t\t\t\t<\/div>\n\t\t\t\t<\/div>\n\t\t\t<\/div>\n\t\t\t\t<div class=\"icon-box-text last-reset\">\n\t\t\t\t\t\t\t\t\t\n\t<div id=\"gap-850591521\" class=\"gap-element clearfix\" style=\"display:block; height:auto;\">\n\t\t\n<style>\n#gap-850591521 {\n  padding-top: 10px;\n}\n<\/style>\n\t<\/div>\n\t\n\t<div id=\"text-1897865732\" class=\"text\">\n\t\t\n<h3>24\/7 Customer Service<\/h3>\n\t\t\n<style>\n#text-1897865732 {\n  line-height: 1;\n}\n<\/style>\n\t<\/div>\n\t\n\t\t<\/div>\n\t<\/div>\n\t<\/a>\n\t\n\t<div id=\"gap-1682581061\" class=\"gap-element clearfix\" style=\"display:block; height:auto;\">\n\t\t\n<style>\n#gap-1682581061 {\n  padding-top: 10px;\n}\n<\/style>\n\t<\/div>\n\t\n\t<div id=\"text-1658457277\" class=\"text\">\n\t\t\n<p><em>You can reach us at any time<\/em><br \/>\n\t\t\n<style>\n#text-1658457277 {\n  font-size: 0.8rem;\n  line-height: 0.8;\n}\n<\/style>\n\t<\/div>\n\t\n\t\t<\/div>\n\t\t\t\t\n<style>\n#col-643582461 > .col-inner {\n  padding: 5px 5px 5px 5px;\n}\n<\/style>\n\t<\/div>\n\n\t\n\n<style>\n#row-751063484 > .col > .col-inner {\n  background-color: #fed750;\n}\n<\/style>\n<\/div>\n<div class=\"row row-collapse\"  id=\"row-1693742511\">\n\n\t<div id=\"col-1102530191\" class=\"col small-12 large-12\"  >\n\t\t\t\t<div class=\"col-inner\"  >\n\t\t\t\n\t<div class=\"is-border\"\n\t\tstyle=\"border-width:1px 1px 1px 1px;\">\n\t<\/div>\n\t\t\t\n<p style=\"text-align: justify;\"><strong><a href=\"https:\/\/www.sowipanjur.com\/wp-content\/uploads\/2022\/08\/zip-perde-sistemleri-sowidoor-25.jpg\"><img decoding=\"async\" class=\"wp-image-742 alignright\" src=\"https:\/\/www.sowipanjur.com\/wp-content\/uploads\/2022\/08\/zip-perde-sistemleri-sowidoor-25-533x400.jpg\" alt=\"automatic zip curtains\" width=\"301\" height=\"226\" title=\"\" srcset=\"https:\/\/www.sowipanjur.com\/wp-content\/uploads\/2022\/08\/zip-perde-sistemleri-sowidoor-25-533x400.jpg 533w, https:\/\/www.sowipanjur.com\/wp-content\/uploads\/2022\/08\/zip-perde-sistemleri-sowidoor-25-768x576.jpg 768w, https:\/\/www.sowipanjur.com\/wp-content\/uploads\/2022\/08\/zip-perde-sistemleri-sowidoor-25.jpg 800w\" sizes=\"(max-width: 301px) 100vw, 301px\" \/><\/a>Customer happiness<\/strong> is always a priority for us. <strong><a href=\"https:\/\/www.sowipanjur.com\/en\/otomatik-panjur\/\">automatic blinds<\/a>, <a href=\"https:\/\/www.sowipanjur.com\/en\/aluminyum-otomatik-kepenk\/\">shutter<\/a>, <a href=\"https:\/\/www.sowipanjur.com\/en\/seksiyonel-kapi-sistemleri\/\">door<\/a> And <a href=\"https:\/\/www.sowipanjur.com\/en\/automatic-pergola-systems\/\">in pergola systems<\/a><\/strong> We aim to provide you with the best customer service and a hassle-free experience. We are here to exceed the expectations of our valued customers and to respond to your needs in the best way possible.<\/p>\n<p style=\"text-align: justify;\"><strong>Our customer service treats you in a friendly and professional manner.<\/strong> Our expert team guides you every step of the way and answers your questions. We listen carefully to your needs and offer you the most suitable solutions. Special for you <a href=\"https:\/\/www.sowipanjur.com\/en\/payment-convenience-2\/\">our offers, your demands and your budget<\/a> created with this in mind.<\/p>\n<p style=\"text-align: justify;\">You can easily reach us through our communication channels. <a href=\"https:\/\/www.sowipanjur.com\/en\/sowi-blind-contact\/\"><strong>You can reach us via e-mail, phone or our website.<\/strong><\/a> and submit your requests. Our customer service representatives get back to you quickly and effectively and find solutions to your questions. We are here to assist you sincerely.<\/p>\n<p style=\"text-align: justify;\"><a href=\"https:\/\/www.sowipanjur.com\/en\/free-exploration-service\/\"><strong>In our free discovery service<\/strong><\/a>, we offer you tailor-made solutions. Our expert team evaluates your needs and determines the most suitable products and services for you. We listen carefully to fully understand your demands and help you achieve the results you want.<\/p>\n<p style=\"text-align: justify;\"><strong><a href=\"https:\/\/www.sowipanjur.com\/en\/technical-service-service\/\">Support after sale<\/a> with our service<\/strong>, we offer you a safe experience. in our products <a href=\"https:\/\/www.sowipanjur.com\/en\/guaranteed-service-2\/\">during the warranty period<\/a> If you encounter any problems, we offer fast and effective solutions. With our customer satisfaction-oriented approach, we do our best to solve your problems.<\/p>\n<p style=\"text-align: justify;\">Wouldn&#039;t you like to offer you the best customer service while reaching your dream home? We are here to ensure the satisfaction of our valued customers. <strong>by calling us <a href=\"https:\/\/www.sowipanjur.com\/en\/free-exploration-service\/\">free exploration<\/a> Make an appointment and discover how our customer service can help you!<\/strong><\/p>\n<a href=\"https:\/\/wa.me\/05327358696?text=Merhaba,%20size%20sowidoor.com%20\u00fczerinden%20ula\u015f\u0131yorum.\" target=\"_self\" class=\"button success\" rel=\"noopener\">\n  <i class=\"icon-angle-right\" aria-hidden=\"true\" ><\/i>  <span>Contact via WhatsApp<\/span>\n  <\/a>\n\n<a href=\"https:\/\/www.sowipanjur.com\/en\/piotnetforms\/shutter-price-buy-copy-2\/\" target=\"_self\" class=\"button success\">\n  <i class=\"icon-envelop\" aria-hidden=\"true\" ><\/i>  <span>price offer form<\/span>\n  <\/a>\n\n<a href=\"tel:\/\/+905327358696\" target=\"_self\" class=\"button success\">\n  <i class=\"icon-phone\" aria-hidden=\"true\" ><\/i>  <span>Call to get a price quote<\/span>\n  <\/a>\n\n\t\t<\/div>\n\t\t\t\t\t<\/div>\n\n\t\n\n<style>\n#row-1693742511 > .col > .col-inner {\n  padding: 10px 10px 10px 10px;\n  background-color: rgb(255,255,255);\n}\n<\/style>\n<\/div>","protected":false},"excerpt":{"rendered":"","protected":false},"author":1,"featured_media":0,"parent":0,"menu_order":0,"comment_status":"closed","ping_status":"closed","template":"","meta":{"inline_featured_image":false,"footnotes":""},"categories":[],"tags":[],"class_list":["post-1872","page","type-page","status-publish","hentry"],"_links":{"self":[{"href":"https:\/\/www.sowipanjur.com\/en\/wp-json\/wp\/v2\/pages\/1872","targetHints":{"allow":["GET"]}}],"collection":[{"href":"https:\/\/www.sowipanjur.com\/en\/wp-json\/wp\/v2\/pages"}],"about":[{"href":"https:\/\/www.sowipanjur.com\/en\/wp-json\/wp\/v2\/types\/page"}],"author":[{"embeddable":true,"href":"https:\/\/www.sowipanjur.com\/en\/wp-json\/wp\/v2\/users\/1"}],"replies":[{"embeddable":true,"href":"https:\/\/www.sowipanjur.com\/en\/wp-json\/wp\/v2\/comments?post=1872"}],"version-history":[{"count":0,"href":"https:\/\/www.sowipanjur.com\/en\/wp-json\/wp\/v2\/pages\/1872\/revisions"}],"wp:attachment":[{"href":"https:\/\/www.sowipanjur.com\/en\/wp-json\/wp\/v2\/media?parent=1872"}],"wp:term":[{"taxonomy":"category","embeddable":true,"href":"https:\/\/www.sowipanjur.com\/en\/wp-json\/wp\/v2\/categories?post=1872"},{"taxonomy":"post_tag","embeddable":true,"href":"https:\/\/www.sowipanjur.com\/en\/wp-json\/wp\/v2\/tags?post=1872"}],"curies":[{"name":"wp","href":"https:\/\/api.w.org\/{rel}","templated":true}]}}