{"id":2437,"date":"2023-07-17T11:43:52","date_gmt":"2023-07-17T11:43:52","guid":{"rendered":"https:\/\/www.sowipanjur.com\/?page_id=2437"},"modified":"2023-07-17T11:50:46","modified_gmt":"2023-07-17T11:50:46","slug":"sowi-rolling-systems-contact","status":"publish","type":"page","link":"https:\/\/www.sowipanjur.com\/en\/sowi-rolling-systems-contact\/","title":{"rendered":"Sowi Rolling Systems Contact"},"content":{"rendered":"<div class=\"row align-equal\"  id=\"row-1347994660\">\n\n\t<div id=\"col-714805048\" class=\"col medium-6 small-12 large-6\"  >\n\t\t\t\t<div class=\"col-inner dark\"  >\n\t\t\t\n\t\t\t\n\t<div id=\"text-1667255682\" class=\"text\">\n\t\t\n<h3><span data-text-color=\"secondary\">Sowi Engineering Contact Information<\/span><\/h3>\n<div class=\"is-divider divider clearfix\" style=\"max-width:100%;\"><\/div>\n<p><strong> Address :<\/strong>Yakacik Cad. No:27\/D Kartal-Istanbul \/ Turkey<\/p>\n<p><strong>GSM:<\/strong> +90 532 735 8696<\/p>\n<p><strong>phone:<\/strong> +90 216 305 6654<\/p>\n<p><strong>Email: <\/strong>sowidoor@gmail.com<\/p>\n\t\t\n<style>\n#text-1667255682 {\n  font-size: 1.2rem;\n  text-align: center;\n}\n<\/style>\n\t<\/div>\n\t\n\t\t<\/div>\n\t\t\t\t\t<\/div>\n\n\t\n\n\t<div id=\"col-195435322\" class=\"col medium-6 small-12 large-6\"  >\n\t\t\t\t<div class=\"col-inner dark\"  >\n\t\t\t\n\t<div class=\"is-border\"\n\t\tstyle=\"border-width:1px 1px 1px 1;\">\n\t<\/div>\n\t\t\t\n<h2 style=\"text-align: center;\"><span data-text-color=\"secondary\">Contact Form<\/span><\/h2>\n<div class=\"is-divider divider clearfix\" style=\"max-width:100%;\"><\/div>\n<div id=\"piotnetforms\" class=\"piotnetforms piotnetforms-1375\" data-piotnetforms-shortcode-id=\"1375\"><form id=\"1375\" class=\"piotnetforms__form\" onsubmit=\"return false\" action=\"\"><div class=\"piotnet-section p63063221\">\t\t\t\t\t\t<div class=\"piotnet-section__container\"\n\t\t>\n\t\t<div class=\"piotnet-column p44809406\">\t\t\t\t\t\t<div class=\"piotnet-column__inner\"\n\t\t\t>\n\t\t\t\t\n\t\t<div class=\"p75365422 piotnetforms-fields-wrapper piotnetforms-labels-above\">\n\t\t\t<div class=\"piotnetforms-field-type-text piotnetforms-field-group piotnetforms-column  piotnetforms-field-group-name piotnetforms-col-100 piotnetforms-field-required\">\n\t\t\t\t<div data-piotnetforms-required><\/div><div class=\"piotnetforms-field-container\"><input size=\"1\" class=\"piotnetforms-field piotnetforms-size-\" type=\"text\" name=\"form_fields[name]\" id=\"form-field-name\" placeholder=\"Your Name (Required)\" autocomplete=\"on\" data-piotnetforms-default-value=\"\" required=\"required\" aria-required=\"true\" data-piotnetforms-id=\"1375\"><\/div>\t\t\t<\/div>\n\t\t<\/div>\n\t\t\t\n\t\t<div class=\"p94856599 piotnetforms-fields-wrapper piotnetforms-labels-above\">\n\t\t\t<div class=\"piotnetforms-field-type-tel piotnetforms-field-group piotnetforms-column  piotnetforms-field-group-tel piotnetforms-col-100 piotnetforms-field-required piotnetforms-mark-required\">\n\t\t\t\t<div data-piotnetforms-required><\/div><div class=\"piotnetforms-field-container\"><input size=\"1\" class=\"piotnetforms-field piotnetforms-size-\" type=\"tel\" name=\"form_fields[tel]\" id=\"form-field-tel\" placeholder=\"Your Phone Number (Required)\" autocomplete=\"on\" data-piotnetforms-default-value=\"\" required=\"required\" aria-required=\"true\" data-piotnetforms-id=\"1375\" pattern=\"[0-9()#&amp;+*-=.]+\" title=\"Only numbers and phone characters (#, -, *, etc) are accepted.\"><\/div>\t\t\t<\/div>\n\t\t<\/div>\n\t\t\t\n\t\t<div class=\"p65719614 piotnetforms-fields-wrapper piotnetforms-labels-above\">\n\t\t\t<div class=\"piotnetforms-field-type-textarea piotnetforms-field-group piotnetforms-column  piotnetforms-field-group-message piotnetforms-col-100 piotnetforms-field-required\">\n\t\t\t\t<div data-piotnetforms-required><\/div><div class=\"piotnetforms-field-container\"><textarea class=\"piotnetforms-field-textual piotnetforms-field piotnetforms-size-\" name=\"form_fields[message]\" id=\"form-field-message\" rows=\"1\" placeholder=\"your message\" required=\"required\" aria-required=\"true\" data-piotnetforms-default-value=\"\" data-piotnetforms-id=\"1375\"><\/textarea><\/div>\t\t\t<\/div>\n\t\t<\/div>\n\t\n\t\t<div class=\"p74474587 piotnetforms-submit piotnetforms-button-wrapper\">\n\n\t\t\t\t<input type=\"hidden\" name=\"post_id\" value=\"1375\" data-piotnetforms-hidden-form-id=\"1375\"\/>\n\t\t<input type=\"hidden\" name=\"form_id\" value=\"p74474587\" data-piotnetforms-hidden-form-id=\"1375\"\/>\n\t\t<input type=\"hidden\" name=\"remote_ip\" value=\"216.73.217.35\" data-piotnetforms-hidden-form-id=\"1375\"\/>\n\n\t\t\n\t\t\n\t\t\n\t\t\n\t\t<button class=\"piotnetforms-button\" type=\"submit\" role=\"button\" data-piotnetforms-required-text=\"This field is required.\" data-piotnetforms-submit-form-id=\"1375\" data-piotnetforms-submit-keyboard=\"false\" data-piotnetforms-submit-hide=\"false\">\n\t\t\t\t\t<span class=\"piotnetforms-button-content-wrapper\">\n\t\t\t<span class=\"piotnetforms-button-text piotnetforms-spinner\"><span class=\"icon-spinner-of-dots\"><\/span><\/span>\n\t\t\t\t\t\t<span class=\"piotnetforms-button-text\">Send<\/span>\n\t\t<\/span>\n\t\t\t\t<\/button>\n\t\t\n\t\t        \t\t        \t\t\n\t\t\n\t\t\n        \n            \t\t<div id=\"piotnetforms-trigger-success-1375\" data-piotnetforms-trigger-success=\"1375\" style=\"display: none\"><\/div>\n\t\t<div id=\"piotnetforms-trigger-failed-1375\" data-piotnetforms-trigger-failed=\"1375\" style=\"display: none\"><\/div>\n\t\t<div class=\"piotnetforms-alert piotnetforms-alert--mail\">\n\t\t\t<div class=\"piotnetforms-message piotnetforms-message-success\" role=\"alert\" data-piotnetforms-message=\"Mesaj\u0131n\u0131z g\u00f6nderilmi\u015ftir, te\u015fekk\u00fcr ederiz.\">Your message has been sent, thank you.<\/div>\n\t\t\t<div class=\"piotnetforms-message piotnetforms-message-danger\" role=\"alert\" data-piotnetforms-message=\"An error occured.\">An error occurred.<\/div>\n\t\t\t<!-- <div class=\"piotnetforms-message piotnetforms-help-inline\" role=\"alert\">Server error. Form not sent.<\/div> -->\n\t\t<\/div>\n\t\t\t\t<\/div>\n\t\t\t\t\t<\/div>\n\t\t<\/div>\t\t\t<\/div>\n\t\t<\/div><link rel=\"stylesheet\" href=\"https:\/\/www.sowipanjur.com\/wp-content\/uploads\/piotnetforms\/css\/1375.css?ver=22\" media=\"all\"><input type=\"hidden\" name=\"trp-form-language\" value=\"en\"\/><\/form><\/div><div data-piotnetforms-ajax-url=\"https:\/\/www.sowipanjur.com\/wp-admin\/admin-ajax.php\"><\/div><div data-piotnetforms-plugin-url=\"https:\/\/www.sowipanjur.com\/wp-content\/plugins\"><\/div><div data-piotnetforms-tinymce-upload=\"https:\/\/www.sowipanjur.com\/wp-content\/plugins\/piotnetforms-pro\/inc\/forms\/tinymce\/tinymce-upload.php\"><\/div><div data-piotnetforms-stripe-key=\"\"><\/div><div class=\"piotnetforms-break-point\" data-piotnetforms-break-point-md=\"1025\" data-piotnetforms-break-point-lg=\"767\"><\/div>\t\t\t\n\t\t<\/div>\n\t\t\t\t\n<style>\n#col-195435322 > .col-inner {\n  padding: 15px 15px 0px 15px;\n}\n<\/style>\n\t<\/div>\n\n\t\n\n<style>\n#row-1347994660 > .col > .col-inner {\n  padding: 10px 10px 10px 10px;\n  background-color: #273647;\n  border-radius: 10px;\n}\n<\/style>\n<\/div>\n<div class=\"row align-equal row-box-shadow-2\"  id=\"row-1970907632\">\n\n\t<div id=\"col-33006202\" class=\"col medium-6 small-12 large-6\"  >\n\t\t\t\t<div class=\"col-inner\"  >\n\t\t\t\n\t\t\t\n\t<div id=\"text-4127837663\" class=\"text\">\n\t\t\n<h3>Sowi Engineering Istanbul Anatolian Side Regional Directorate<\/h3>\n<div class=\"is-divider divider clearfix\" style=\"max-width:100%;\"><\/div>\n<p><strong> Address :<\/strong>Yakacik Cad. No:27\/D Kartal-Istanbul \/ Turkey<\/p>\n<p><strong>GSM:<\/strong> +90 532 735 8696 \u00a0<strong><i class=\"fa fa-phone fa-lg\"><\/i>\u00a0 phone:<\/strong> +90 216 305 6654<\/p>\n<p><strong>Email: <\/strong>sowidoor@gmail.com<\/p>\n\t\t\n<style>\n#text-4127837663 {\n  text-align: center;\n}\n<\/style>\n\t<\/div>\n\t\n<p><iframe loading=\"lazy\" style=\"border: 0;\" src=\"https:\/\/www.google.com\/maps\/embed?pb=!1m18!1m12!1m3!1d3016.1155137957217!2d29.190394014963687!3d40.89128093456576!2m3!1f0!2f0!3f0!3m2!1i1024!2i768!4f13.1!3m3!1m2!1s0x14cac52ffcc71829%3A0x8df1a6482b9367f!2sSowi%20M%C3%BChendislik%20Otomatik%20Kap%C4%B1%20Kepenk%20ve%20Panjur%20Teknolojileri!5e0!3m2!1str!2str!4v1678741988037!5m2!1str!2str\" width=\"600\" height=\"450\" allowfullscreen=\"allowfullscreen\"><\/iframe><\/p>\n\t\t<\/div>\n\t\t\t\t\t<\/div>\n\n\t\n\n\t<div id=\"col-2003002567\" class=\"col medium-6 small-12 large-6\"  >\n\t\t\t\t<div class=\"col-inner\"  >\n\t\t\t\n\t\t\t\n\t<div id=\"text-2128806227\" class=\"text\">\n\t\t\n<h3>Sowi Engineering Istanbul European Side Regional Directorate<\/h3>\n<div class=\"is-divider divider clearfix\" style=\"max-width:100%;\"><\/div>\n<p><strong><i class=\"fa fa-map-marker fa-lg\"><\/i> Address :<\/strong> East Industrial Site 5. Block No:4 Yenibosna \u2013 Istanbul<\/p>\n<p><strong>GSM:<\/strong> +90 532 735 8696<\/p>\n<p><strong>Email:<\/strong> sowidoor@gmail.com<\/p>\n\t\t\n<style>\n#text-2128806227 {\n  text-align: center;\n}\n<\/style>\n\t<\/div>\n\t\n<p><iframe loading=\"lazy\" style=\"border: 0;\" src=\"https:\/\/www.google.com\/maps\/embed?pb=!1m14!1m8!1m3!1d12041.782122071047!2d28.8192643!3d41.0155077!3m2!1i1024!2i768!4f13.1!3m3!1m2!1s0x14caa48c7332bf8f%3A0xefafbeb738f9e94e!2sDo%C4%9Fu%20Sanayi%20Sitesi!5e0!3m2!1str!2str!4v1678741940407!5m2!1str!2str\" width=\"600\" height=\"450\" allowfullscreen=\"allowfullscreen\"><\/iframe><\/p>\n\t\t<\/div>\n\t\t\t\t\t<\/div>\n\n\t\n\n<style>\n#row-1970907632 > .col > .col-inner {\n  padding: 20px 10px 10px 10px;\n  border-radius: 10px;\n}\n<\/style>\n<\/div>","protected":false},"excerpt":{"rendered":"","protected":false},"author":1,"featured_media":0,"parent":0,"menu_order":0,"comment_status":"closed","ping_status":"closed","template":"","meta":{"inline_featured_image":false,"footnotes":""},"categories":[],"tags":[],"class_list":["post-2437","page","type-page","status-publish","hentry"],"_links":{"self":[{"href":"https:\/\/www.sowipanjur.com\/en\/wp-json\/wp\/v2\/pages\/2437","targetHints":{"allow":["GET"]}}],"collection":[{"href":"https:\/\/www.sowipanjur.com\/en\/wp-json\/wp\/v2\/pages"}],"about":[{"href":"https:\/\/www.sowipanjur.com\/en\/wp-json\/wp\/v2\/types\/page"}],"author":[{"embeddable":true,"href":"https:\/\/www.sowipanjur.com\/en\/wp-json\/wp\/v2\/users\/1"}],"replies":[{"embeddable":true,"href":"https:\/\/www.sowipanjur.com\/en\/wp-json\/wp\/v2\/comments?post=2437"}],"version-history":[{"count":0,"href":"https:\/\/www.sowipanjur.com\/en\/wp-json\/wp\/v2\/pages\/2437\/revisions"}],"wp:attachment":[{"href":"https:\/\/www.sowipanjur.com\/en\/wp-json\/wp\/v2\/media?parent=2437"}],"wp:term":[{"taxonomy":"category","embeddable":true,"href":"https:\/\/www.sowipanjur.com\/en\/wp-json\/wp\/v2\/categories?post=2437"},{"taxonomy":"post_tag","embeddable":true,"href":"https:\/\/www.sowipanjur.com\/en\/wp-json\/wp\/v2\/tags?post=2437"}],"curies":[{"name":"wp","href":"https:\/\/api.w.org\/{rel}","templated":true}]}}